{"id":2,"date":"2016-05-10T03:48:21","date_gmt":"2016-05-10T03:48:21","guid":{"rendered":"https:\/\/aikido-magdeburg.de\/?page_id=2"},"modified":"2022-03-25T09:50:13","modified_gmt":"2022-03-25T09:50:13","slug":"sample-page","status":"publish","type":"page","link":"https:\/\/aikido-magdeburg.de\/?page_id=2","title":{"rendered":"Aikido &#8211; was ist das Besondere"},"content":{"rendered":"\n<figure class=\"wp-block-pullquote\" style=\"font-style:normal;font-weight:200\"><blockquote><p>Aikido ist eine aus Japan stammende Budo- Kampfkunst. <\/p><p>Begr\u00fcndet und entwickelt wurde sie in der ersten H\u00e4lfte des letzten Jahrhunderts durch Morihei Ueshiba, einem Kampfkunstlehrer, der aufgrund religi\u00f6ser Einfl\u00fcsse eine Selbstverteidigungsform schuf, deren wesentliches Merkmal die Gewaltlosigkeit im Umgang mit dem Angreifer ist. Die Silbe Ai steht f\u00fcr die Harmonisierung der eigenen Person mit den Partnern in der \u00dcbung und den universellen Naturgesetzen. Die Silbe Ki bezeichnet den in der Natur vorkommenden Energiestrom, dessen gleichm\u00e4\u00dfiges Flie\u00dfen nach den asiatischen Gesundheitslehren gro\u00dfen Einfluss auf den Menschen hat. Do ist die Bezeichnung des Weges, den jeder Kampfkunst\u00fcbende kontinuierlich beschreitet um seinen Charakter zu entwickeln. Mittels Ausweichen oder direktem Eintreten in den Angriff wird das Gleichgewicht des Angreifers gebrochen und dieser, mittels horizontaler oder vertikaler Spiralbewegungen zu Boden gef\u00fchrt oder durch einen Wurf entlassen. Durch Handgelenkhebel oder Atemis (Schl\u00e4ge) wird dabei st\u00e4ndig sein Zentrum kontrolliert. Wichtig ist hierbei f\u00fcr beide Partner in der \u00dcbung einen weichen Kontakt zu halten und unn\u00f6tige Muskeln zu entspannen, um sozusagen in eine taktile Kommunikation mit den Anderen zu kommen. Dieses verleiht dem Aikido diese unvergleichliche Weichheit und Eleganz in den Bewegungen. Die Aikido Bewegungen haben \u00e4u\u00dferst positive Auswirkungen auf die Gesundheit. Abgesehen von der Beseitigung k\u00f6rperlicher Verspannungen und der Erh\u00f6hung der Beweglichkeit und Ausdauer sprechen sehr viele Aikido Griffe, \u00e4hnlich der Akupunktur, das Energiesystem des K\u00f6rpers \u00fcber die so genannten Meridiane an. So erh\u00e4lt man durch jedes Training einen angenehmen Energieschub. Aikido ist noch eine traditionelle Kampfkunst und bietet einen kleinen Einblick in die japanische Kultur. Da ein Ziel des Aikido das Vermeiden von Kraft und Aggression ist, um die Techniken unabh\u00e4ngig von der Gr\u00f6\u00dfe und Kraft des Angreifers zu machen, ist es auch hervorragend f\u00fcr schw\u00e4chere Zeitgenossen geeignet. Im Aikido gibt es keine Wettk\u00e4mpfe, da die Entwicklung der eigenen Pers\u00f6nlichkeit Vorrang hat vor dem Sieg \u00fcber einen Konkurrenten. Dem Aikido fehlen die Verbissenheit und die k\u00e4mpferischen Gesten von Kampfsportarten. Dadurch scheint es kein schnell erlernbares Kampfsystem (diese gibt es ja sowieso nicht) f\u00fcr die Stra\u00dfe zu sein. Sein Ziel ist auch eher ein Gesp\u00fcr f\u00fcr die Situationen zu entwickeln, in denen Aggressionen entstehen um diese rechtzeitig zu entkr\u00e4ften. Nach Jahren des \u00dcbens im Aikido merkt man aber, dass es auch \u00e4u\u00dferst wirkungsvoll als praktische Selbstverteidigung funktioniert.<\/p><\/blockquote><\/figure>\n","protected":false},"excerpt":{"rendered":"<p>Aikido ist eine aus Japan stammende Budo- Kampfkunst. Begr\u00fcndet und entwickelt wurde sie in der ersten H\u00e4lfte des letzten Jahrhunderts durch Morihei Ueshiba, einem Kampfkunstlehrer, der aufgrund religi\u00f6ser Einfl\u00fcsse eine Selbstverteidigungsform schuf, deren wesentliches Merkmal die Gewaltlosigkeit im Umgang mit dem Angreifer ist. Die Silbe Ai steht f\u00fcr die Harmonisierung der eigenen Person mit den [&hellip;]<\/p>\n","protected":false},"author":1,"featured_media":0,"parent":7,"menu_order":0,"comment_status":"closed","ping_status":"closed","template":"","meta":{"footnotes":""},"class_list":["post-2","page","type-page","status-publish","hentry"],"yoast_head":"<!-- This site is optimized with the Yoast SEO plugin v27.4 - https:\/\/yoast.com\/product\/yoast-seo-wordpress\/ -->\n<title>Aikido - was ist das Besondere - Sankalpa Akademie - Aikido - japanische Kampfkunst<\/title>\n<meta name=\"robots\" content=\"index, follow, max-snippet:-1, max-image-preview:large, max-video-preview:-1\" \/>\n<link rel=\"canonical\" href=\"https:\/\/aikido-magdeburg.de\/?page_id=2\" \/>\n<meta property=\"og:locale\" content=\"de_DE\" \/>\n<meta property=\"og:type\" content=\"article\" \/>\n<meta property=\"og:title\" content=\"Aikido - was ist das Besondere - Sankalpa Akademie - Aikido - japanische Kampfkunst\" \/>\n<meta property=\"og:description\" content=\"Aikido ist eine aus Japan stammende Budo- Kampfkunst. Begr\u00fcndet und entwickelt wurde sie in der ersten H\u00e4lfte des letzten Jahrhunderts durch Morihei Ueshiba, einem Kampfkunstlehrer, der aufgrund religi\u00f6ser Einfl\u00fcsse eine Selbstverteidigungsform schuf, deren wesentliches Merkmal die Gewaltlosigkeit im Umgang mit dem Angreifer ist. Die Silbe Ai steht f\u00fcr die Harmonisierung der eigenen Person mit den [&hellip;]\" \/>\n<meta property=\"og:url\" content=\"https:\/\/aikido-magdeburg.de\/?page_id=2\" \/>\n<meta property=\"og:site_name\" content=\"Sankalpa Akademie - Aikido - japanische Kampfkunst\" \/>\n<meta property=\"article:publisher\" content=\"https:\/\/www.facebook.com\/md39108\/\" \/>\n<meta property=\"article:modified_time\" content=\"2022-03-25T09:50:13+00:00\" \/>\n<meta name=\"twitter:card\" content=\"summary_large_image\" \/>\n<meta name=\"twitter:label1\" content=\"Gesch\u00e4tzte Lesezeit\" \/>\n\t<meta name=\"twitter:data1\" content=\"3\u00a0Minuten\" \/>\n<script type=\"application\/ld+json\" class=\"yoast-schema-graph\">{\"@context\":\"https:\\\/\\\/schema.org\",\"@graph\":[{\"@type\":[\"WebPage\",\"CollectionPage\"],\"@id\":\"https:\\\/\\\/aikido-magdeburg.de\\\/?page_id=2\",\"url\":\"https:\\\/\\\/aikido-magdeburg.de\\\/?page_id=2\",\"name\":\"Aikido - was ist das Besondere - Sankalpa Akademie - Aikido - japanische Kampfkunst\",\"isPartOf\":{\"@id\":\"https:\\\/\\\/aikido-magdeburg.de\\\/#website\"},\"datePublished\":\"2016-05-10T03:48:21+00:00\",\"dateModified\":\"2022-03-25T09:50:13+00:00\",\"breadcrumb\":{\"@id\":\"https:\\\/\\\/aikido-magdeburg.de\\\/?page_id=2#breadcrumb\"},\"inLanguage\":\"de\"},{\"@type\":\"BreadcrumbList\",\"@id\":\"https:\\\/\\\/aikido-magdeburg.de\\\/?page_id=2#breadcrumb\",\"itemListElement\":[{\"@type\":\"ListItem\",\"position\":1,\"name\":\"Startseite\",\"item\":\"https:\\\/\\\/aikido-magdeburg.de\\\/\"},{\"@type\":\"ListItem\",\"position\":2,\"name\":\"Aikido- japanische Kampfkunst\",\"item\":\"https:\\\/\\\/aikido-magdeburg.de\\\/?page_id=7\"},{\"@type\":\"ListItem\",\"position\":3,\"name\":\"Aikido &#8211; was ist das Besondere\"}]},{\"@type\":\"WebSite\",\"@id\":\"https:\\\/\\\/aikido-magdeburg.de\\\/#website\",\"url\":\"https:\\\/\\\/aikido-magdeburg.de\\\/\",\"name\":\"Sankalpa Akademie - Aikido - japanische Kampfkunst\",\"description\":\"ganzheitlich, intelligent, friedlich\",\"publisher\":{\"@id\":\"https:\\\/\\\/aikido-magdeburg.de\\\/#organization\"},\"potentialAction\":[{\"@type\":\"SearchAction\",\"target\":{\"@type\":\"EntryPoint\",\"urlTemplate\":\"https:\\\/\\\/aikido-magdeburg.de\\\/?s={search_term_string}\"},\"query-input\":{\"@type\":\"PropertyValueSpecification\",\"valueRequired\":true,\"valueName\":\"search_term_string\"}}],\"inLanguage\":\"de\"},{\"@type\":\"Organization\",\"@id\":\"https:\\\/\\\/aikido-magdeburg.de\\\/#organization\",\"name\":\"Aikido Dojo Magdeburg\",\"url\":\"https:\\\/\\\/aikido-magdeburg.de\\\/\",\"logo\":{\"@type\":\"ImageObject\",\"inLanguage\":\"de\",\"@id\":\"https:\\\/\\\/aikido-magdeburg.de\\\/#\\\/schema\\\/logo\\\/image\\\/\",\"url\":\"https:\\\/\\\/aikido-magdeburg.de\\\/wp-content\\\/uploads\\\/2019\\\/04\\\/card-banner3.jpg\",\"contentUrl\":\"https:\\\/\\\/aikido-magdeburg.de\\\/wp-content\\\/uploads\\\/2019\\\/04\\\/card-banner3.jpg\",\"width\":500,\"height\":180,\"caption\":\"Aikido Dojo Magdeburg\"},\"image\":{\"@id\":\"https:\\\/\\\/aikido-magdeburg.de\\\/#\\\/schema\\\/logo\\\/image\\\/\"},\"sameAs\":[\"https:\\\/\\\/www.facebook.com\\\/md39108\\\/\"]}]}<\/script>\n<!-- \/ Yoast SEO plugin. -->","yoast_head_json":{"title":"Aikido - was ist das Besondere - Sankalpa Akademie - Aikido - japanische Kampfkunst","robots":{"index":"index","follow":"follow","max-snippet":"max-snippet:-1","max-image-preview":"max-image-preview:large","max-video-preview":"max-video-preview:-1"},"canonical":"https:\/\/aikido-magdeburg.de\/?page_id=2","og_locale":"de_DE","og_type":"article","og_title":"Aikido - was ist das Besondere - Sankalpa Akademie - Aikido - japanische Kampfkunst","og_description":"Aikido ist eine aus Japan stammende Budo- Kampfkunst. Begr\u00fcndet und entwickelt wurde sie in der ersten H\u00e4lfte des letzten Jahrhunderts durch Morihei Ueshiba, einem Kampfkunstlehrer, der aufgrund religi\u00f6ser Einfl\u00fcsse eine Selbstverteidigungsform schuf, deren wesentliches Merkmal die Gewaltlosigkeit im Umgang mit dem Angreifer ist. Die Silbe Ai steht f\u00fcr die Harmonisierung der eigenen Person mit den [&hellip;]","og_url":"https:\/\/aikido-magdeburg.de\/?page_id=2","og_site_name":"Sankalpa Akademie - Aikido - japanische Kampfkunst","article_publisher":"https:\/\/www.facebook.com\/md39108\/","article_modified_time":"2022-03-25T09:50:13+00:00","twitter_card":"summary_large_image","twitter_misc":{"Gesch\u00e4tzte Lesezeit":"3\u00a0Minuten"},"schema":{"@context":"https:\/\/schema.org","@graph":[{"@type":["WebPage","CollectionPage"],"@id":"https:\/\/aikido-magdeburg.de\/?page_id=2","url":"https:\/\/aikido-magdeburg.de\/?page_id=2","name":"Aikido - was ist das Besondere - Sankalpa Akademie - Aikido - japanische Kampfkunst","isPartOf":{"@id":"https:\/\/aikido-magdeburg.de\/#website"},"datePublished":"2016-05-10T03:48:21+00:00","dateModified":"2022-03-25T09:50:13+00:00","breadcrumb":{"@id":"https:\/\/aikido-magdeburg.de\/?page_id=2#breadcrumb"},"inLanguage":"de"},{"@type":"BreadcrumbList","@id":"https:\/\/aikido-magdeburg.de\/?page_id=2#breadcrumb","itemListElement":[{"@type":"ListItem","position":1,"name":"Startseite","item":"https:\/\/aikido-magdeburg.de\/"},{"@type":"ListItem","position":2,"name":"Aikido- japanische Kampfkunst","item":"https:\/\/aikido-magdeburg.de\/?page_id=7"},{"@type":"ListItem","position":3,"name":"Aikido &#8211; was ist das Besondere"}]},{"@type":"WebSite","@id":"https:\/\/aikido-magdeburg.de\/#website","url":"https:\/\/aikido-magdeburg.de\/","name":"Sankalpa Akademie - Aikido - japanische Kampfkunst","description":"ganzheitlich, intelligent, friedlich","publisher":{"@id":"https:\/\/aikido-magdeburg.de\/#organization"},"potentialAction":[{"@type":"SearchAction","target":{"@type":"EntryPoint","urlTemplate":"https:\/\/aikido-magdeburg.de\/?s={search_term_string}"},"query-input":{"@type":"PropertyValueSpecification","valueRequired":true,"valueName":"search_term_string"}}],"inLanguage":"de"},{"@type":"Organization","@id":"https:\/\/aikido-magdeburg.de\/#organization","name":"Aikido Dojo Magdeburg","url":"https:\/\/aikido-magdeburg.de\/","logo":{"@type":"ImageObject","inLanguage":"de","@id":"https:\/\/aikido-magdeburg.de\/#\/schema\/logo\/image\/","url":"https:\/\/aikido-magdeburg.de\/wp-content\/uploads\/2019\/04\/card-banner3.jpg","contentUrl":"https:\/\/aikido-magdeburg.de\/wp-content\/uploads\/2019\/04\/card-banner3.jpg","width":500,"height":180,"caption":"Aikido Dojo Magdeburg"},"image":{"@id":"https:\/\/aikido-magdeburg.de\/#\/schema\/logo\/image\/"},"sameAs":["https:\/\/www.facebook.com\/md39108\/"]}]}},"_links":{"self":[{"href":"https:\/\/aikido-magdeburg.de\/index.php?rest_route=\/wp\/v2\/pages\/2","targetHints":{"allow":["GET"]}}],"collection":[{"href":"https:\/\/aikido-magdeburg.de\/index.php?rest_route=\/wp\/v2\/pages"}],"about":[{"href":"https:\/\/aikido-magdeburg.de\/index.php?rest_route=\/wp\/v2\/types\/page"}],"author":[{"embeddable":true,"href":"https:\/\/aikido-magdeburg.de\/index.php?rest_route=\/wp\/v2\/users\/1"}],"replies":[{"embeddable":true,"href":"https:\/\/aikido-magdeburg.de\/index.php?rest_route=%2Fwp%2Fv2%2Fcomments&post=2"}],"version-history":[{"count":4,"href":"https:\/\/aikido-magdeburg.de\/index.php?rest_route=\/wp\/v2\/pages\/2\/revisions"}],"predecessor-version":[{"id":270,"href":"https:\/\/aikido-magdeburg.de\/index.php?rest_route=\/wp\/v2\/pages\/2\/revisions\/270"}],"up":[{"embeddable":true,"href":"https:\/\/aikido-magdeburg.de\/index.php?rest_route=\/wp\/v2\/pages\/7"}],"wp:attachment":[{"href":"https:\/\/aikido-magdeburg.de\/index.php?rest_route=%2Fwp%2Fv2%2Fmedia&parent=2"}],"curies":[{"name":"wp","href":"https:\/\/api.w.org\/{rel}","templated":true}]}}